{"id":222,"date":"2020-11-30T13:54:57","date_gmt":"2020-11-30T13:54:57","guid":{"rendered":"https:\/\/eltejadoecuador.com\/site\/?page_id=222"},"modified":"2020-11-30T14:02:44","modified_gmt":"2020-11-30T14:02:44","slug":"nuestra-empresa","status":"publish","type":"page","link":"https:\/\/eltejadoecuador.com\/site\/nuestra-empresa\/","title":{"rendered":"Nuestra Empresa"},"content":{"rendered":"\t\t<div data-elementor-type=\"wp-page\" data-elementor-id=\"222\" class=\"elementor elementor-222\" data-elementor-settings=\"[]\">\n\t\t\t\t\t\t<div class=\"elementor-inner\">\n\t\t\t\t\t\t\t<div class=\"elementor-section-wrap\">\n\t\t\t\t\t\t\t<section class=\"elementor-section elementor-top-section elementor-element elementor-element-631ad14 elementor-section-boxed elementor-section-height-default elementor-section-height-default\" data-id=\"631ad14\" data-element_type=\"section\">\n\t\t\t\t\t\t<div class=\"elementor-container elementor-column-gap-default\">\n\t\t\t\t\t\t\t<div class=\"elementor-row\">\n\t\t\t\t\t<div class=\"elementor-column elementor-col-50 elementor-top-column elementor-element elementor-element-c6422d7\" data-id=\"c6422d7\" data-element_type=\"column\">\n\t\t\t<div class=\"elementor-column-wrap elementor-element-populated\">\n\t\t\t\t\t\t\t<div class=\"elementor-widget-wrap\">\n\t\t\t\t\t\t<div class=\"elementor-element elementor-element-f2d828a elementor-widget elementor-widget-image\" data-id=\"f2d828a\" data-element_type=\"widget\" data-widget_type=\"image.default\">\n\t\t\t\t<div class=\"elementor-widget-container\">\n\t\t\t\t\t<div class=\"elementor-image\">\n\t\t\t\t\t\t\t\t\t\t<img width=\"480\" height=\"200\" src=\"https:\/\/eltejadoecuador.com\/site\/wp-content\/uploads\/2020\/11\/PRODUCTOS-480x200-1.jpg\" class=\"attachment-large size-large\" alt=\"\" loading=\"lazy\" srcset=\"https:\/\/eltejadoecuador.com\/site\/wp-content\/uploads\/2020\/11\/PRODUCTOS-480x200-1.jpg 480w, https:\/\/eltejadoecuador.com\/site\/wp-content\/uploads\/2020\/11\/PRODUCTOS-480x200-1-300x125.jpg 300w, https:\/\/eltejadoecuador.com\/site\/wp-content\/uploads\/2020\/11\/PRODUCTOS-480x200-1-260x108.jpg 260w, https:\/\/eltejadoecuador.com\/site\/wp-content\/uploads\/2020\/11\/PRODUCTOS-480x200-1-50x21.jpg 50w, https:\/\/eltejadoecuador.com\/site\/wp-content\/uploads\/2020\/11\/PRODUCTOS-480x200-1-150x63.jpg 150w\" sizes=\"(max-width: 480px) 100vw, 480px\" \/>\t\t\t\t\t\t\t\t\t\t\t<\/div>\n\t\t\t\t<\/div>\n\t\t\t\t<\/div>\n\t\t\t\t\t\t<\/div>\n\t\t\t\t\t<\/div>\n\t\t<\/div>\n\t\t\t\t<div class=\"elementor-column elementor-col-50 elementor-top-column elementor-element elementor-element-a36a7c0\" data-id=\"a36a7c0\" data-element_type=\"column\">\n\t\t\t<div class=\"elementor-column-wrap elementor-element-populated\">\n\t\t\t\t\t\t\t<div class=\"elementor-widget-wrap\">\n\t\t\t\t\t\t<div class=\"elementor-element elementor-element-71c76fc elementor-widget elementor-widget-heading\" data-id=\"71c76fc\" data-element_type=\"widget\" data-widget_type=\"heading.default\">\n\t\t\t\t<div class=\"elementor-widget-container\">\n\t\t\t<h2 class=\"elementor-heading-title elementor-size-default\">Empresa l\u00edder en la comercializaci\u00f3n de materiales de construcci\u00f3n de primera calidad<\/h2>\t\t<\/div>\n\t\t\t\t<\/div>\n\t\t\t\t\t\t<\/div>\n\t\t\t\t\t<\/div>\n\t\t<\/div>\n\t\t\t\t\t\t\t\t<\/div>\n\t\t\t\t\t<\/div>\n\t\t<\/section>\n\t\t\t\t<section class=\"elementor-section elementor-top-section elementor-element elementor-element-3c12eea elementor-section-boxed elementor-section-height-default elementor-section-height-default\" data-id=\"3c12eea\" data-element_type=\"section\">\n\t\t\t\t\t\t<div class=\"elementor-container elementor-column-gap-default\">\n\t\t\t\t\t\t\t<div class=\"elementor-row\">\n\t\t\t\t\t<div class=\"elementor-column elementor-col-50 elementor-top-column elementor-element elementor-element-c8f3979\" data-id=\"c8f3979\" data-element_type=\"column\">\n\t\t\t<div class=\"elementor-column-wrap elementor-element-populated\">\n\t\t\t\t\t\t\t<div class=\"elementor-widget-wrap\">\n\t\t\t\t\t\t<div class=\"elementor-element elementor-element-648508e elementor-widget elementor-widget-heading\" data-id=\"648508e\" data-element_type=\"widget\" data-widget_type=\"heading.default\">\n\t\t\t\t<div class=\"elementor-widget-container\">\n\t\t\t<h2 class=\"elementor-heading-title elementor-size-default\">El Tejado Ecuador <\/h2>\t\t<\/div>\n\t\t\t\t<\/div>\n\t\t\t\t<div class=\"elementor-element elementor-element-31aea3f elementor-widget elementor-widget-heading\" data-id=\"31aea3f\" data-element_type=\"widget\" data-widget_type=\"heading.default\">\n\t\t\t\t<div class=\"elementor-widget-container\">\n\t\t\t<h2 class=\"elementor-heading-title elementor-size-default\"><h2 data-elementor-setting-key=\"title\" data-pen-placeholder=\"Teclea aqu\u00ed...\" style=\"font-style: normal; font-variant-ligatures: normal; font-variant-caps: normal; letter-spacing: normal;\">Misi\u00f3n<\/h2><\/h2>\t\t<\/div>\n\t\t\t\t<\/div>\n\t\t\t\t<div class=\"elementor-element elementor-element-62e59da elementor-widget elementor-widget-text-editor\" data-id=\"62e59da\" data-element_type=\"widget\" data-widget_type=\"text-editor.default\">\n\t\t\t\t<div class=\"elementor-widget-container\">\n\t\t\t\t\t<div class=\"elementor-text-editor elementor-clearfix\"><p>Proveer de productos y servicios de excelente calidad mediante la constante innovaci\u00f3n de materiales garantizados, seg\u00fan tendencias y gustos, para la completa satisfacci\u00f3n de nuestra clientela.\u200b<\/p><\/div>\n\t\t\t\t<\/div>\n\t\t\t\t<\/div>\n\t\t\t\t\t\t<\/div>\n\t\t\t\t\t<\/div>\n\t\t<\/div>\n\t\t\t\t<div class=\"elementor-column elementor-col-50 elementor-top-column elementor-element elementor-element-10ca09b\" data-id=\"10ca09b\" data-element_type=\"column\">\n\t\t\t<div class=\"elementor-column-wrap elementor-element-populated\">\n\t\t\t\t\t\t\t<div class=\"elementor-widget-wrap\">\n\t\t\t\t\t\t<div class=\"elementor-element elementor-element-841d99d elementor-widget elementor-widget-image\" data-id=\"841d99d\" data-element_type=\"widget\" data-widget_type=\"image.default\">\n\t\t\t\t<div class=\"elementor-widget-container\">\n\t\t\t\t\t<div class=\"elementor-image\">\n\t\t\t\t\t\t\t\t\t\t<img width=\"704\" height=\"497\" src=\"https:\/\/eltejadoecuador.com\/site\/wp-content\/uploads\/2020\/11\/ARRECIFE.png\" class=\"attachment-large size-large\" alt=\"\" loading=\"lazy\" srcset=\"https:\/\/eltejadoecuador.com\/site\/wp-content\/uploads\/2020\/11\/ARRECIFE.png 704w, https:\/\/eltejadoecuador.com\/site\/wp-content\/uploads\/2020\/11\/ARRECIFE-300x212.png 300w, https:\/\/eltejadoecuador.com\/site\/wp-content\/uploads\/2020\/11\/ARRECIFE-207x146.png 207w, https:\/\/eltejadoecuador.com\/site\/wp-content\/uploads\/2020\/11\/ARRECIFE-50x35.png 50w, https:\/\/eltejadoecuador.com\/site\/wp-content\/uploads\/2020\/11\/ARRECIFE-106x75.png 106w\" sizes=\"(max-width: 704px) 100vw, 704px\" \/>\t\t\t\t\t\t\t\t\t\t\t<\/div>\n\t\t\t\t<\/div>\n\t\t\t\t<\/div>\n\t\t\t\t\t\t<\/div>\n\t\t\t\t\t<\/div>\n\t\t<\/div>\n\t\t\t\t\t\t\t\t<\/div>\n\t\t\t\t\t<\/div>\n\t\t<\/section>\n\t\t\t\t<section class=\"elementor-section elementor-top-section elementor-element elementor-element-a57101b elementor-section-boxed elementor-section-height-default elementor-section-height-default\" data-id=\"a57101b\" data-element_type=\"section\">\n\t\t\t\t\t\t<div class=\"elementor-container elementor-column-gap-default\">\n\t\t\t\t\t\t\t<div class=\"elementor-row\">\n\t\t\t\t\t<div class=\"elementor-column elementor-col-100 elementor-top-column elementor-element elementor-element-7e2151a\" data-id=\"7e2151a\" data-element_type=\"column\">\n\t\t\t<div class=\"elementor-column-wrap elementor-element-populated\">\n\t\t\t\t\t\t\t<div class=\"elementor-widget-wrap\">\n\t\t\t\t\t\t<div class=\"elementor-element elementor-element-96cd2e3 elementor-widget elementor-widget-spacer\" data-id=\"96cd2e3\" data-element_type=\"widget\" data-widget_type=\"spacer.default\">\n\t\t\t\t<div class=\"elementor-widget-container\">\n\t\t\t\t\t<div class=\"elementor-spacer\">\n\t\t\t<div class=\"elementor-spacer-inner\"><\/div>\n\t\t<\/div>\n\t\t\t\t<\/div>\n\t\t\t\t<\/div>\n\t\t\t\t<div class=\"elementor-element elementor-element-cf4e815 elementor-widget elementor-widget-heading\" data-id=\"cf4e815\" data-element_type=\"widget\" data-widget_type=\"heading.default\">\n\t\t\t\t<div class=\"elementor-widget-container\">\n\t\t\t<h2 class=\"elementor-heading-title elementor-size-default\">NUESTRA EMPRESA Y SU COMPROMISO CON LOS CLIENTES<\/h2>\t\t<\/div>\n\t\t\t\t<\/div>\n\t\t\t\t\t\t<\/div>\n\t\t\t\t\t<\/div>\n\t\t<\/div>\n\t\t\t\t\t\t\t\t<\/div>\n\t\t\t\t\t<\/div>\n\t\t<\/section>\n\t\t\t\t<section class=\"elementor-section elementor-top-section elementor-element elementor-element-ef989a9 elementor-section-boxed elementor-section-height-default elementor-section-height-default\" data-id=\"ef989a9\" data-element_type=\"section\">\n\t\t\t\t\t\t<div class=\"elementor-container elementor-column-gap-default\">\n\t\t\t\t\t\t\t<div class=\"elementor-row\">\n\t\t\t\t\t<div class=\"elementor-column elementor-col-100 elementor-top-column elementor-element elementor-element-143f885\" data-id=\"143f885\" data-element_type=\"column\">\n\t\t\t<div class=\"elementor-column-wrap elementor-element-populated\">\n\t\t\t\t\t\t\t<div class=\"elementor-widget-wrap\">\n\t\t\t\t\t\t<div class=\"elementor-element elementor-element-028bdb0 elementor-widget elementor-widget-text-editor\" data-id=\"028bdb0\" data-element_type=\"widget\" data-widget_type=\"text-editor.default\">\n\t\t\t\t<div class=\"elementor-widget-container\">\n\t\t\t\t\t<div class=\"elementor-text-editor elementor-clearfix\">Convertirnos en una empresa l\u00edder en la comercializaci\u00f3n de materiales de construcci\u00f3n de primera calidad, reconocida a nivel nacional por el compromiso adquirido con nuestros clientes<\/div>\n\t\t\t\t<\/div>\n\t\t\t\t<\/div>\n\t\t\t\t\t\t<\/div>\n\t\t\t\t\t<\/div>\n\t\t<\/div>\n\t\t\t\t\t\t\t\t<\/div>\n\t\t\t\t\t<\/div>\n\t\t<\/section>\n\t\t\t\t<section class=\"elementor-section elementor-top-section elementor-element elementor-element-f0c2880 elementor-section-boxed elementor-section-height-default elementor-section-height-default\" data-id=\"f0c2880\" data-element_type=\"section\">\n\t\t\t\t\t\t<div class=\"elementor-container elementor-column-gap-default\">\n\t\t\t\t\t\t\t<div class=\"elementor-row\">\n\t\t\t\t\t<div class=\"elementor-column elementor-col-100 elementor-top-column elementor-element elementor-element-c48c494\" data-id=\"c48c494\" data-element_type=\"column\">\n\t\t\t<div class=\"elementor-column-wrap elementor-element-populated\">\n\t\t\t\t\t\t\t<div class=\"elementor-widget-wrap\">\n\t\t\t\t\t\t<div class=\"elementor-element elementor-element-2947043 elementor-widget elementor-widget-image\" data-id=\"2947043\" data-element_type=\"widget\" data-widget_type=\"image.default\">\n\t\t\t\t<div class=\"elementor-widget-container\">\n\t\t\t\t\t<div class=\"elementor-image\">\n\t\t\t\t\t\t\t\t\t\t<img width=\"1024\" height=\"515\" src=\"https:\/\/eltejadoecuador.com\/site\/wp-content\/uploads\/2020\/11\/tejado-1-2.jpg\" class=\"attachment-large size-large\" alt=\"\" loading=\"lazy\" srcset=\"https:\/\/eltejadoecuador.com\/site\/wp-content\/uploads\/2020\/11\/tejado-1-2.jpg 1024w, https:\/\/eltejadoecuador.com\/site\/wp-content\/uploads\/2020\/11\/tejado-1-2-300x151.jpg 300w, https:\/\/eltejadoecuador.com\/site\/wp-content\/uploads\/2020\/11\/tejado-1-2-768x386.jpg 768w, https:\/\/eltejadoecuador.com\/site\/wp-content\/uploads\/2020\/11\/tejado-1-2-260x131.jpg 260w, https:\/\/eltejadoecuador.com\/site\/wp-content\/uploads\/2020\/11\/tejado-1-2-50x25.jpg 50w, https:\/\/eltejadoecuador.com\/site\/wp-content\/uploads\/2020\/11\/tejado-1-2-150x75.jpg 150w\" sizes=\"(max-width: 1024px) 100vw, 1024px\" \/>\t\t\t\t\t\t\t\t\t\t\t<\/div>\n\t\t\t\t<\/div>\n\t\t\t\t<\/div>\n\t\t\t\t\t\t<\/div>\n\t\t\t\t\t<\/div>\n\t\t<\/div>\n\t\t\t\t\t\t\t\t<\/div>\n\t\t\t\t\t<\/div>\n\t\t<\/section>\n\t\t\t\t\t\t<\/div>\n\t\t\t\t\t\t<\/div>\n\t\t\t\t\t<\/div>\n\t\t","protected":false},"excerpt":{"rendered":"<p>Empresa l\u00edder en la comercializaci\u00f3n de materiales de construcci\u00f3n de primera calidad El Tejado Ecuador Misi\u00f3n Proveer de productos y servicios de excelente calidad mediante la<span class=\"excerpt-hellip\"> [\u2026]<\/span><\/p>\n","protected":false},"author":1,"featured_media":0,"parent":0,"menu_order":0,"comment_status":"closed","ping_status":"closed","template":"","meta":[],"_links":{"self":[{"href":"https:\/\/eltejadoecuador.com\/site\/wp-json\/wp\/v2\/pages\/222"}],"collection":[{"href":"https:\/\/eltejadoecuador.com\/site\/wp-json\/wp\/v2\/pages"}],"about":[{"href":"https:\/\/eltejadoecuador.com\/site\/wp-json\/wp\/v2\/types\/page"}],"author":[{"embeddable":true,"href":"https:\/\/eltejadoecuador.com\/site\/wp-json\/wp\/v2\/users\/1"}],"replies":[{"embeddable":true,"href":"https:\/\/eltejadoecuador.com\/site\/wp-json\/wp\/v2\/comments?post=222"}],"version-history":[{"count":4,"href":"https:\/\/eltejadoecuador.com\/site\/wp-json\/wp\/v2\/pages\/222\/revisions"}],"predecessor-version":[{"id":226,"href":"https:\/\/eltejadoecuador.com\/site\/wp-json\/wp\/v2\/pages\/222\/revisions\/226"}],"wp:attachment":[{"href":"https:\/\/eltejadoecuador.com\/site\/wp-json\/wp\/v2\/media?parent=222"}],"curies":[{"name":"wp","href":"https:\/\/api.w.org\/{rel}","templated":true}]}}